{"id":30,"date":"2026-05-07T02:23:05","date_gmt":"2026-05-06T23:23:05","guid":{"rendered":"https:\/\/www.longinidis-law.eu\/?page_id=30"},"modified":"2026-05-07T03:17:04","modified_gmt":"2026-05-07T00:17:04","slug":"office","status":"publish","type":"page","link":"https:\/\/www.longinidis-law.eu\/fr\/office\/","title":{"rendered":"Le\u00a0cabinet"},"content":{"rendered":"\n<p>Fond\u00e9 par trois avocats, le cabinet du ma\u00eetre Panagiotis LONGINIDIS est un cabinet ind\u00e9pendant de droit europ\u00e9en, civil et p\u00e9nal.<\/p>\n\n\n\n<p>Notre cabinet coop\u00e8re avec un nombre de sp\u00e9cialistes professionnels (m\u00e9decins, techniciens etc), dont la contribution est n\u00e9cessaire pour offrir des solutions op\u00e9rationnelles aux besoins juridiques des entreprises et des personnes physiques.<\/p>\n\n\n\n<p>Le cabinet fournit \u00e0 ses clients, en contentieux comme en conseil, des services sur mesure et \u00e0 valeur ajout\u00e9e sur les particularit\u00e9s des affaires europ\u00e9ennes et commerciales.<\/p>\n","protected":false},"excerpt":{"rendered":"<p>Fond\u00e9 par trois avocats, le cabinet du ma\u00eetre Panagiotis LONGINIDIS est un cabinet ind\u00e9pendant de droit europ\u00e9en, civil et p\u00e9nal. Notre cabinet coop\u00e8re avec un nombre de sp\u00e9cialistes professionnels (m\u00e9decins, techniciens etc), dont la contribution est n\u00e9cessaire pour offrir des solutions op\u00e9rationnelles aux besoins juridiques des entreprises et des personnes physiques. Le cabinet fournit \u00e0 [&hellip;]<\/p>\n","protected":false},"author":1,"featured_media":0,"parent":0,"menu_order":0,"comment_status":"closed","ping_status":"closed","template":"","meta":{"_locale":"fr_FR","_original_post":"https:\/\/www.longinidis-law.eu\/?page_id=22","footnotes":""},"class_list":["post-30","page","type-page","status-publish","hentry","fr-FR"],"_links":{"self":[{"href":"https:\/\/www.longinidis-law.eu\/wp-json\/wp\/v2\/pages\/30","targetHints":{"allow":["GET"]}}],"collection":[{"href":"https:\/\/www.longinidis-law.eu\/wp-json\/wp\/v2\/pages"}],"about":[{"href":"https:\/\/www.longinidis-law.eu\/wp-json\/wp\/v2\/types\/page"}],"author":[{"embeddable":true,"href":"https:\/\/www.longinidis-law.eu\/wp-json\/wp\/v2\/users\/1"}],"replies":[{"embeddable":true,"href":"https:\/\/www.longinidis-law.eu\/wp-json\/wp\/v2\/comments?post=30"}],"version-history":[{"count":2,"href":"https:\/\/www.longinidis-law.eu\/wp-json\/wp\/v2\/pages\/30\/revisions"}],"predecessor-version":[{"id":65,"href":"https:\/\/www.longinidis-law.eu\/wp-json\/wp\/v2\/pages\/30\/revisions\/65"}],"wp:attachment":[{"href":"https:\/\/www.longinidis-law.eu\/wp-json\/wp\/v2\/media?parent=30"}],"curies":[{"name":"wp","href":"https:\/\/api.w.org\/{rel}","templated":true}]}}