{"id":70,"date":"2026-05-07T03:22:52","date_gmt":"2026-05-07T00:22:52","guid":{"rendered":"https:\/\/www.longinidis-law.eu\/?page_id=70"},"modified":"2026-05-07T03:22:52","modified_gmt":"2026-05-07T00:22:52","slug":"lawyers","status":"publish","type":"page","link":"https:\/\/www.longinidis-law.eu\/fr\/lawyers\/","title":{"rendered":"L&rsquo;avocat"},"content":{"rendered":"\n<p class=\"has-medium-font-size\"><strong>Panagiotis Longinidis<\/strong><\/p>\n\n\n\n<p>Avocat au barreau de Thessalonique, il offre ses conseils juridiques pour une d\u00e9cennie avec une pr\u00e9sence intense aux Tribunaux p\u00e9naux et civils grecs. Il est titulaire d\u2019un master en droit europ\u00e9en de l\u2019Universit\u00e9 de Toulouse 1 et il compl\u00e8te son doctorat dans la m\u00eame Universit\u00e9.<\/p>\n\n\n\n<p>Il a d\u00e9but\u00e9 sa carri\u00e8re en collaborant avec la soci\u00e9t\u00e9 d\u2019avocats \u00abLysias\u00bb et il a rejoint pour une p\u00e9riode courte des cabinets \u00e0 Paris. Il parle fran\u00e7ais, anglais et turc.<\/p>\n\n\n\n<p>Parmi ses affaires importantes, on distingue le cas des naissances \u00e0 domicile relatif aux droits de l\u2019homme, la d\u00e9fense des minorit\u00e9s sociales et de l\u2019environnement dans l\u2019affaire du lac de la ville d\u2019Ioannina et du delta des fleuves Axios \u2013 Loudias \u2013 Aliakmon.<\/p>\n","protected":false},"excerpt":{"rendered":"<p>Panagiotis Longinidis Avocat au barreau de Thessalonique, il offre ses conseils juridiques pour une d\u00e9cennie avec une pr\u00e9sence intense aux Tribunaux p\u00e9naux et civils grecs. Il est titulaire d\u2019un master en droit europ\u00e9en de l\u2019Universit\u00e9 de Toulouse 1 et il compl\u00e8te son doctorat dans la m\u00eame Universit\u00e9. Il a d\u00e9but\u00e9 sa carri\u00e8re en collaborant avec [&hellip;]<\/p>\n","protected":false},"author":1,"featured_media":0,"parent":0,"menu_order":0,"comment_status":"closed","ping_status":"closed","template":"","meta":{"_locale":"fr_FR","_original_post":"https:\/\/www.longinidis-law.eu\/?page_id=66","footnotes":""},"class_list":["post-70","page","type-page","status-publish","hentry","fr-FR"],"_links":{"self":[{"href":"https:\/\/www.longinidis-law.eu\/wp-json\/wp\/v2\/pages\/70","targetHints":{"allow":["GET"]}}],"collection":[{"href":"https:\/\/www.longinidis-law.eu\/wp-json\/wp\/v2\/pages"}],"about":[{"href":"https:\/\/www.longinidis-law.eu\/wp-json\/wp\/v2\/types\/page"}],"author":[{"embeddable":true,"href":"https:\/\/www.longinidis-law.eu\/wp-json\/wp\/v2\/users\/1"}],"replies":[{"embeddable":true,"href":"https:\/\/www.longinidis-law.eu\/wp-json\/wp\/v2\/comments?post=70"}],"version-history":[{"count":1,"href":"https:\/\/www.longinidis-law.eu\/wp-json\/wp\/v2\/pages\/70\/revisions"}],"predecessor-version":[{"id":71,"href":"https:\/\/www.longinidis-law.eu\/wp-json\/wp\/v2\/pages\/70\/revisions\/71"}],"wp:attachment":[{"href":"https:\/\/www.longinidis-law.eu\/wp-json\/wp\/v2\/media?parent=70"}],"curies":[{"name":"wp","href":"https:\/\/api.w.org\/{rel}","templated":true}]}}