{"id":76,"date":"2026-05-07T03:32:52","date_gmt":"2026-05-07T00:32:52","guid":{"rendered":"https:\/\/www.longinidis-law.eu\/?page_id=76"},"modified":"2026-05-07T03:32:52","modified_gmt":"2026-05-07T00:32:52","slug":"specializations","status":"publish","type":"page","link":"https:\/\/www.longinidis-law.eu\/fr\/specializations\/","title":{"rendered":"Expertises"},"content":{"rendered":"\n<p>Ma\u00eetre LONGINIDIS et ses collaborateurs interviennent pour leurs clients dans trois domaines d\u2019expertise:<\/p>\n\n\n\n<p><strong>DROIT EUROPEEN<\/strong><br>Injonction de payer europ\u00e9enne, opposition \u00e0 l\u2019injonction de payer europ\u00e9enne, litiges intracommunautaires, discriminations en d\u00e9pit des ressortissants communautaires, crime transnational.<\/p>\n\n\n\n<p><strong>DROIT COMMERCIAL ET DES SOCIETES<\/strong><br>Litiges commerciaux, fondation et dissolution de soci\u00e9t\u00e9s, d\u00e9claration, enregistrement et autorisation de soci\u00e9t\u00e9s.<\/p>\n\n\n\n<p><strong>ACCIDENTS ROUTIERS<\/strong><br>D\u00e9p\u00f4t d\u2019actes devant la juridiction grecque, coop\u00e9ration avec des m\u00e9decins sp\u00e9cialistes aux victimes d\u2019accidents routiers, n\u00e9gociation avec les compagnies d\u2019assurance.<\/p>\n","protected":false},"excerpt":{"rendered":"<p>Ma\u00eetre LONGINIDIS et ses collaborateurs interviennent pour leurs clients dans trois domaines d\u2019expertise: DROIT EUROPEENInjonction de payer europ\u00e9enne, opposition \u00e0 l\u2019injonction de payer europ\u00e9enne, litiges intracommunautaires, discriminations en d\u00e9pit des ressortissants communautaires, crime transnational. DROIT COMMERCIAL ET DES SOCIETESLitiges commerciaux, fondation et dissolution de soci\u00e9t\u00e9s, d\u00e9claration, enregistrement et autorisation de soci\u00e9t\u00e9s. ACCIDENTS ROUTIERSD\u00e9p\u00f4t d\u2019actes devant [&hellip;]<\/p>\n","protected":false},"author":1,"featured_media":0,"parent":0,"menu_order":0,"comment_status":"closed","ping_status":"closed","template":"","meta":{"_locale":"fr_FR","_original_post":"https:\/\/www.longinidis-law.eu\/?page_id=72","footnotes":""},"class_list":["post-76","page","type-page","status-publish","hentry","fr-FR"],"_links":{"self":[{"href":"https:\/\/www.longinidis-law.eu\/wp-json\/wp\/v2\/pages\/76","targetHints":{"allow":["GET"]}}],"collection":[{"href":"https:\/\/www.longinidis-law.eu\/wp-json\/wp\/v2\/pages"}],"about":[{"href":"https:\/\/www.longinidis-law.eu\/wp-json\/wp\/v2\/types\/page"}],"author":[{"embeddable":true,"href":"https:\/\/www.longinidis-law.eu\/wp-json\/wp\/v2\/users\/1"}],"replies":[{"embeddable":true,"href":"https:\/\/www.longinidis-law.eu\/wp-json\/wp\/v2\/comments?post=76"}],"version-history":[{"count":1,"href":"https:\/\/www.longinidis-law.eu\/wp-json\/wp\/v2\/pages\/76\/revisions"}],"predecessor-version":[{"id":79,"href":"https:\/\/www.longinidis-law.eu\/wp-json\/wp\/v2\/pages\/76\/revisions\/79"}],"wp:attachment":[{"href":"https:\/\/www.longinidis-law.eu\/wp-json\/wp\/v2\/media?parent=76"}],"curies":[{"name":"wp","href":"https:\/\/api.w.org\/{rel}","templated":true}]}}